{"id":274,"date":"2026-02-18T13:08:15","date_gmt":"2026-02-18T13:08:15","guid":{"rendered":"https:\/\/www.fondation-salomon.org\/home\/"},"modified":"2026-04-28T18:22:02","modified_gmt":"2026-04-28T18:22:02","slug":"home","status":"publish","type":"page","link":"https:\/\/www.fondation-salomon.org\/fr\/","title":{"rendered":"La montagne nous \u00e9l\u00e8ve. Nous tra\u00e7ons les chemins qui la rend accessible \u00e0 touS.tes"},"content":{"rendered":"\n<p class=\"has-text-align-center slogan has-salomon-sans-font-family has-small-font-size\" style=\"text-transform:uppercase\">Notre histoire commence en montagne<\/p>\n\n\n\n<div class=\"wp-block-group alignwide pattern-hero is-vertical is-content-justification-left is-nowrap is-layout-flex wp-container-core-group-is-layout-b9305f23 wp-block-group-is-layout-flex\">\n<div class=\"wp-block-group is-nowrap is-layout-flex wp-container-core-group-is-layout-6c531013 wp-block-group-is-layout-flex\">\n<div class=\"wp-block-group is-vertical is-layout-flex wp-container-core-group-is-layout-fe9cc265 wp-block-group-is-layout-flex\"><h1 style=\"font-style:normal;font-weight:700;text-transform:uppercase;\" class=\"wp-block-post-title\">La montagne nous \u00e9l\u00e8ve. Nous tra\u00e7ons les chemins qui la rend accessible \u00e0 touS.tes<\/h1>\n\n\n<figure class=\"wp-block-image size-full is-style-hide-desktop\"><img decoding=\"async\" src=\"https:\/\/www.fondation-salomon.org\/app\/uploads\/2026\/02\/image-3.png\" alt=\"\" class=\"wp-image-38\"\/><\/figure>\n\n\n\n<p class=\"has-inter-font-family\">Nous agissons pour r\u00e9v\u00e9ler le potentiel de chacun\u00b7e gr\u00e2ce aux sports outdoor. Nous soutenons celles et ceux qui vivent pour les sommets, comme celles et ceux qui les d\u00e9couvrent pour la premi\u00e8re fois.<\/p>\n\n\n\n<div class=\"wp-block-group is-nowrap is-layout-flex wp-container-core-group-is-layout-6c531013 wp-block-group-is-layout-flex\">\n<div class=\"wp-block-group is-vertical is-layout-flex wp-container-core-group-is-layout-c2f24623 wp-block-group-is-layout-flex\">\n<div class=\"wp-block-group is-nowrap is-layout-flex wp-container-core-group-is-layout-6c531013 wp-block-group-is-layout-flex\">\n<p><a href=\"https:\/\/www.fondation-salomon.org\/fr\/fondation-salomon\/\">D\u00e9couvrir la fondation<\/a><\/p>\n<\/div>\n\n\n\n<p><a href=\"https:\/\/www.fondation-salomon.org\/fr\/donate\/\">Nous soutenir<\/a><\/p>\n<\/div>\n<\/div>\n<\/div>\n<\/div>\n\n\n\n<figure class=\"wp-block-image size-full is-style-hide-mobile rellax speed-3n\"><img decoding=\"async\" src=\"https:\/\/www.fondation-salomon.org\/app\/uploads\/2026\/02\/image-3.png\" alt=\"\" class=\"wp-image-38\"\/><\/figure>\n<\/div>\n\n\n\n<div class=\"wp-block-group alignfull claim is-layout-flow wp-block-group-is-layout-flow\" style=\"padding-right:var(--wp--preset--spacing--60);padding-left:var(--wp--preset--spacing--60)\">\n<p class=\"has-text-align-center has-inter-font-family has-xx-large-font-size\" style=\"line-height:1.2\">Les sports de montagne r\u00e9v\u00e8lent le meilleur en nous. Notre devoir est de les rendre accessibles \u00e0 celles et ceux qui en sont \u00e9loign\u00e9\u00b7es.<\/p>\n<\/div>\n\n\n\n<div class=\"wp-block-group alignwide has-global-padding is-layout-constrained wp-block-group-is-layout-constrained\" style=\"margin-top:var(--wp--preset--spacing--100);margin-bottom:var(--wp--preset--spacing--100-fixed)\">\n<p class=\"has-text-align-center has-salomon-sans-font-family has-x-large-font-size\" style=\"font-style:normal;font-weight:700;line-height:1;text-transform:uppercase\">Ce qui nous anime<\/p>\n<\/div>\n\n\n\n<div class=\"wp-block-columns alignwide pattern-missions is-layout-flex wp-container-core-columns-is-layout-5f68086d wp-block-columns-is-layout-flex\" style=\"margin-bottom:0px\">\n<div class=\"wp-block-column is-layout-flow wp-block-column-is-layout-flow\">\n<h3 class=\"wp-block-heading has-text-align-center\" style=\"margin-top:0px;margin-bottom:0px\">Soutenir les professionnel\u00b7les <br>de la montagne accident\u00e9\u00b7es<\/h3>\n\n\n\n<div class=\"wp-block-group card rellax speed-2n relative has-global-padding is-layout-constrained wp-block-group-is-layout-constrained\">\n<div class=\"wp-block-group card__inner has-global-padding is-layout-constrained wp-block-group-is-layout-constrained\">\n<figure class=\"wp-block-image size-full\"><a href=\"https:\/\/www.fondation-salomon.org\/fr\/soutenir-les-professionnels-des-sports-de-plein-air-dans-le-besoin\/\"><img decoding=\"async\" src=\"https:\/\/www.fondation-salomon.org\/app\/uploads\/2026\/02\/mission-1.png\" alt=\"\" class=\"wp-image-96\"\/><\/a><\/figure>\n\n\n\n<div class=\"wp-block-group content has-global-padding is-layout-constrained wp-block-group-is-layout-constrained\">\n<p class=\"has-text-align-left is-style-default has-base-color has-text-color has-link-color has-inter-font-family has-medium-font-size wp-elements-02bfea67148f6caec659d9259f622b83\">Depuis 1999, nous accompagnons les guides et accompagnateur\u00b7rices de montagne, les moniteur\u00b7rices de ski, les gardien\u00b7nes de refuge et les athl\u00e8tes confront\u00e9\u00b7es \u00e0 des accidents de la vie.<\/p>\n\n\n\n<p class=\"is-style-arrow-link has-base-color has-text-color has-link-color has-inter-font-family has-medium-font-size wp-elements-d0a53ef59d7b9bd2a2cb0a6a3f189be8\" style=\"font-style:normal;font-weight:600\"><a href=\"#\">En savoir plus<\/a><\/p>\n<\/div>\n<\/div>\n<\/div>\n<\/div>\n\n\n\n<div class=\"wp-block-column is-layout-flow wp-block-column-is-layout-flow\">\n<h3 class=\"wp-block-heading has-text-align-center\" style=\"margin-top:0px;margin-bottom:0px\">Soutenir des associations<\/h3>\n\n\n\n<div class=\"wp-block-group card rellax speed-2 relative has-global-padding is-layout-constrained wp-block-group-is-layout-constrained\">\n<div class=\"wp-block-group card__inner has-global-padding is-layout-constrained wp-block-group-is-layout-constrained\">\n<figure class=\"wp-block-image size-full\"><a href=\"https:\/\/www.fondation-salomon.org\/fr\/soutenir-les-organisations-a-but-non-lucratif\/\"><img decoding=\"async\" src=\"https:\/\/www.fondation-salomon.org\/app\/uploads\/2026\/02\/mission-2.png\" alt=\"\" class=\"wp-image-103\"\/><\/a><\/figure>\n\n\n\n<div class=\"wp-block-group content has-global-padding is-layout-constrained wp-block-group-is-layout-constrained\">\n<p class=\"has-text-align-left is-style-default has-base-color has-text-color has-link-color has-inter-font-family has-medium-font-size wp-elements-fac76826586afb355f7d8971d34b4497\">Partout dans le monde, nous soutenons des associations qui luttent contre toutes formes d&#8217;exclusion gr\u00e2ce aux sports de montagne. <\/p>\n\n\n\n<p class=\"is-style-arrow-link has-base-color has-text-color has-link-color has-inter-font-family has-medium-font-size wp-elements-6fdd011f55c6f132514867d554eec1cd\" style=\"font-style:normal;font-weight:600\"><a href=\"https:\/\/www.fondation-salomon.org\/fr\/soutenir-les-organisations-a-but-non-lucratif\/\">D\u00e9couvrir les associations soutenues<\/a><\/p>\n<\/div>\n<\/div>\n<\/div>\n<\/div>\n<\/div>\n\n\n\n<div class=\"wp-block-group alignwide key-figure has-base-background-color has-background has-global-padding is-layout-constrained wp-block-group-is-layout-constrained\" style=\"margin-top:var(--wp--preset--spacing--105);margin-bottom:0px;padding-top:var(--wp--preset--spacing--70);padding-bottom:var(--wp--preset--spacing--100)\">\n<p class=\"has-text-align-center has-salomon-sans-font-family has-small-font-size\" style=\"text-transform:uppercase\">Chiffres cl\u00e9s<\/p>\n<\/div>\n\n\n\n<div class=\"wp-block-group alignwide pattern-numbers has-global-padding is-layout-constrained wp-block-group-is-layout-constrained\" style=\"margin-top:0px;padding-bottom:var(--wp--preset--spacing--107)\">\n<div class=\"wp-block-group alignwide item has-base-background-color has-background has-global-padding is-layout-constrained wp-block-group-is-layout-constrained\" style=\"border-bottom-color:var(--wp--preset--color--contrast);border-bottom-style:solid;border-bottom-width:1px\">\n<div class=\"wp-block-group alignwide has-inter-font-family has-xl-large-font-size is-content-justification-space-between is-nowrap is-layout-flex wp-container-core-group-is-layout-59860764 wp-block-group-is-layout-flex\" style=\"padding-top:var(--wp--preset--spacing--60);padding-bottom:var(--wp--preset--spacing--60)\">\n<p class=\"has-inter-font-family has-xl-large-font-size\" style=\"line-height:0.7\">562 K\u20ac<\/p>\n\n\n\n<p class=\"has-inter-font-family has-medium-font-size\">Dons en 2025<\/p>\n<\/div>\n<\/div>\n\n\n\n<div class=\"wp-block-group alignwide item has-base-background-color has-background has-global-padding is-layout-constrained wp-block-group-is-layout-constrained\" style=\"border-bottom-color:var(--wp--preset--color--contrast);border-bottom-style:solid;border-bottom-width:1px\">\n<div class=\"wp-block-group alignwide has-inter-font-family has-xl-large-font-size is-content-justification-space-between is-nowrap is-layout-flex wp-container-core-group-is-layout-59860764 wp-block-group-is-layout-flex\" style=\"padding-top:var(--wp--preset--spacing--60);padding-bottom:var(--wp--preset--spacing--60)\">\n<p>42<\/p>\n\n\n\n<p class=\"has-inter-font-family has-medium-font-size\">Associations soutenues<\/p>\n<\/div>\n<\/div>\n\n\n\n<div class=\"wp-block-group alignwide item has-base-background-color has-background has-global-padding is-layout-constrained wp-block-group-is-layout-constrained\" style=\"border-bottom-color:var(--wp--preset--color--contrast);border-bottom-style:solid;border-bottom-width:1px\">\n<div class=\"wp-block-group alignwide has-inter-font-family has-xl-large-font-size is-content-justification-space-between is-nowrap is-layout-flex wp-container-core-group-is-layout-59860764 wp-block-group-is-layout-flex\" style=\"padding-top:var(--wp--preset--spacing--60);padding-bottom:var(--wp--preset--spacing--60)\">\n<p class=\"has-inter-font-family has-xl-large-font-size\" style=\"line-height:0.7\">500<\/p>\n\n\n\n<p class=\"has-inter-font-family has-medium-font-size\">Professionnel\u00b7les de la montagne accompagn\u00e9\u00b7es depuis 1999<\/p>\n<\/div>\n<\/div>\n\n\n\n<div class=\"wp-block-group alignwide item has-base-background-color has-background has-global-padding is-layout-constrained wp-block-group-is-layout-constrained\" style=\"border-bottom-color:var(--wp--preset--color--contrast);border-bottom-style:solid;border-bottom-width:1px\">\n<div class=\"wp-block-group alignwide has-inter-font-family has-xl-large-font-size is-content-justification-space-between is-nowrap is-layout-flex wp-container-core-group-is-layout-59860764 wp-block-group-is-layout-flex\" style=\"padding-top:var(--wp--preset--spacing--60);padding-bottom:var(--wp--preset--spacing--60)\">\n<p class=\"has-inter-font-family has-xl-large-font-size\" style=\"line-height:0.7\">13<\/p>\n\n\n\n<p class=\"has-inter-font-family has-medium-font-size\">Pays<\/p>\n<\/div>\n<\/div>\n<\/div>\n\n\n\n\n\n<div class=\"wp-block-group alignfull talk has-contrast-background-color has-background has-global-padding is-layout-constrained wp-container-core-group-is-layout-cc8c6f1b wp-block-group-is-layout-constrained\" style=\"margin-top:var(--wp--preset--spacing--107);margin-bottom:0px;padding-top:var(--wp--preset--spacing--100);padding-right:var(--wp--preset--spacing--60);padding-bottom:var(--wp--preset--spacing--100);padding-left:var(--wp--preset--spacing--60)\">\n<div class=\"wp-block-group alignwide has-global-padding is-layout-constrained wp-block-group-is-layout-constrained\">\n<p class=\"has-text-align-center has-base-color has-text-color has-link-color has-salomon-sans-font-family has-small-font-size wp-elements-8db88a2fbad862f56896d379a7009a7b\" style=\"text-transform:uppercase\">Faire un don<\/p>\n\n\n\n<div class=\"wp-block-group alignwide is-layout-flow wp-block-group-is-layout-flow\" style=\"margin-top:var(--wp--preset--spacing--100);margin-bottom:var(--wp--preset--spacing--105)\">\n<p class=\"has-text-align-left has-base-color has-text-color has-link-color has-inter-font-family has-xx-large-font-size wp-elements-401379da4c066a63e821da2f7900117a\" style=\"line-height:1.2\">Chaque geste compte<\/p>\n<\/div>\n\n\n\n<div class=\"wp-block-columns alignwide is-layout-flex wp-container-core-columns-is-layout-48b90307 wp-block-columns-is-layout-flex\">\n<div class=\"wp-block-column is-layout-flow wp-block-column-is-layout-flow\">\n<p class=\"has-base-color has-text-color has-link-color wp-elements-dd46db98918aa4f8d453d450de9e20d7\">En faisant un don, vous soutenez les professionnel\u00b7les de la montagne en difficult\u00e9 et toutes les associations que nous accompagnons.<\/p>\n<\/div>\n\n\n\n<div class=\"wp-block-column is-layout-flow wp-block-column-is-layout-flow\">\n<div class=\"wp-block-buttons is-content-justification-space-between is-layout-flex wp-container-core-buttons-is-layout-b2891da8 wp-block-buttons-is-layout-flex\">\n<div class=\"wp-block-button is-style-white\"><a class=\"wp-block-button__link wp-element-button\" href=\"https:\/\/www.fondation-salomon.org\/fr\/donate\/\">Faire un don<\/a><\/div>\n<\/div>\n<\/div>\n<\/div>\n<\/div>\n<\/div>\n\n\n\n<div class=\"wp-block-group alignfull has-grey-background-color has-background has-global-padding is-layout-constrained wp-container-core-group-is-layout-441b6c39 wp-block-group-is-layout-constrained\" style=\"margin-top:0px;margin-bottom:0px;padding-top:var(--wp--preset--spacing--100);padding-right:var(--wp--preset--spacing--60);padding-bottom:var(--wp--preset--spacing--100);padding-left:var(--wp--preset--spacing--60)\">\n<div class=\"wp-block-columns alignwide is-layout-flex wp-container-core-columns-is-layout-28f84493 wp-block-columns-is-layout-flex\">\n<div class=\"wp-block-column is-layout-flow wp-block-column-is-layout-flow\">\n<h3 class=\"wp-block-heading\">PArlons de votre histoire<\/h3>\n<\/div>\n\n\n\n<div class=\"wp-block-column is-layout-flow wp-block-column-is-layout-flow\">\n<p class=\"has-inter-font-family\">Que vous soyez une association en qu\u00eate d\u2019un partenaire durable, un ou une professionnel\u00b7le de la montagne confront\u00e9\u00b7e \u00e0 une \u00e9preuve, ou simplement sensible \u00e0 la puissance des sommets, nous serions heureux\u00b7ses d\u2019\u00e9changer avec vous.<\/p>\n\n\n\n<div class=\"wp-block-buttons is-layout-flex wp-block-buttons-is-layout-flex\">\n<div class=\"wp-block-button\"><a class=\"wp-block-button__link wp-element-button\" href=\"https:\/\/www.fondation-salomon.org\/fr\/nous-contacter\/\">Nous contacter<\/a><\/div>\n<\/div>\n<\/div>\n<\/div>\n<\/div>\n","protected":false},"excerpt":{"rendered":"Notre histoire commence en montagne Nous agissons pour r\u00e9v\u00e9ler le potentiel de chacun\u00b7e gr\u00e2ce aux sports outdoor. Nous soutenons celles et ceux qui vivent pour les sommets, comme celles et ceux qui les d\u00e9couvrent pour la premi\u00e8re fois. D\u00e9couvrir la fondation Nous soutenir Les sports de montagne r\u00e9v\u00e8lent le meilleur en nous. Notre devoir est [&hellip;]","protected":false},"author":1,"featured_media":0,"parent":0,"menu_order":0,"comment_status":"closed","ping_status":"open","template":"","meta":{"inline_featured_image":false,"footnotes":""},"class_list":["post-274","page","type-page","status-publish","hentry"],"yoast_head":"<!-- This site is optimized with the Yoast SEO plugin v27.2 - https:\/\/yoast.com\/product\/yoast-seo-wordpress\/ -->\n<title>La montagne nous \u00e9l\u00e8ve. Nous tra\u00e7ons les chemins qui la rend accessible \u00e0 touS.tes - Salomon Foundation<\/title>\n<meta name=\"robots\" content=\"index, follow, max-snippet:-1, max-image-preview:large, max-video-preview:-1\" \/>\n<link rel=\"canonical\" href=\"https:\/\/www.fondation-salomon.org\/fr\/\" \/>\n<meta property=\"og:locale\" content=\"fr_FR\" \/>\n<meta property=\"og:type\" content=\"article\" \/>\n<meta property=\"og:title\" content=\"La montagne nous \u00e9l\u00e8ve. Nous tra\u00e7ons les chemins qui la rend accessible \u00e0 touS.tes - Salomon Foundation\" \/>\n<meta property=\"og:description\" content=\"Notre histoire commence en montagne Nous agissons pour r\u00e9v\u00e9ler le potentiel de chacun\u00b7e gr\u00e2ce aux sports outdoor. Nous soutenons celles et ceux qui vivent pour les sommets, comme celles et ceux qui les d\u00e9couvrent pour la premi\u00e8re fois. D\u00e9couvrir la fondation Nous soutenir Les sports de montagne r\u00e9v\u00e8lent le meilleur en nous. Notre devoir est [&hellip;]\" \/>\n<meta property=\"og:url\" content=\"https:\/\/www.fondation-salomon.org\/fr\/\" \/>\n<meta property=\"og:site_name\" content=\"Salomon Foundation\" \/>\n<meta property=\"article:publisher\" content=\"https:\/\/www.facebook.com\/Salomon\/?locale=fr_FR\" \/>\n<meta property=\"article:modified_time\" content=\"2026-04-28T18:22:02+00:00\" \/>\n<meta name=\"twitter:card\" content=\"summary_large_image\" \/>\n<meta name=\"twitter:label1\" content=\"Dur\u00e9e de lecture estim\u00e9e\" \/>\n\t<meta name=\"twitter:data1\" content=\"2 minutes\" \/>\n<script type=\"application\/ld+json\" class=\"yoast-schema-graph\">{\"@context\":\"https:\/\/schema.org\",\"@graph\":[{\"@type\":\"WebPage\",\"@id\":\"https:\/\/www.fondation-salomon.org\/fr\/\",\"url\":\"https:\/\/www.fondation-salomon.org\/fr\/\",\"name\":\"La montagne nous \u00e9l\u00e8ve. Nous tra\u00e7ons les chemins qui la rend accessible \u00e0 touS.tes - Salomon Foundation\",\"isPartOf\":{\"@id\":\"https:\/\/www.fondation-salomon.org\/#website\"},\"primaryImageOfPage\":{\"@id\":\"https:\/\/www.fondation-salomon.org\/fr\/#primaryimage\"},\"image\":{\"@id\":\"https:\/\/www.fondation-salomon.org\/fr\/#primaryimage\"},\"thumbnailUrl\":\"https:\/\/www.fondation-salomon.org\/app\/uploads\/2026\/02\/image-3.png\",\"datePublished\":\"2026-02-18T13:08:15+00:00\",\"dateModified\":\"2026-04-28T18:22:02+00:00\",\"breadcrumb\":{\"@id\":\"https:\/\/www.fondation-salomon.org\/fr\/#breadcrumb\"},\"inLanguage\":\"fr-FR\",\"potentialAction\":[{\"@type\":\"ReadAction\",\"target\":[\"https:\/\/www.fondation-salomon.org\/fr\/\"]}]},{\"@type\":\"ImageObject\",\"inLanguage\":\"fr-FR\",\"@id\":\"https:\/\/www.fondation-salomon.org\/fr\/#primaryimage\",\"url\":\"https:\/\/www.fondation-salomon.org\/app\/uploads\/2026\/02\/image-3.png\",\"contentUrl\":\"https:\/\/www.fondation-salomon.org\/app\/uploads\/2026\/02\/image-3.png\"},{\"@type\":\"BreadcrumbList\",\"@id\":\"https:\/\/www.fondation-salomon.org\/fr\/#breadcrumb\",\"itemListElement\":[{\"@type\":\"ListItem\",\"position\":1,\"name\":\"Home\",\"item\":\"https:\/\/www.fondation-salomon.org\/fr\/\"},{\"@type\":\"ListItem\",\"position\":2,\"name\":\"La montagne nous \u00e9l\u00e8ve. Nous tra\u00e7ons les chemins qui la rend accessible \u00e0 touS.tes\"}]},{\"@type\":\"WebSite\",\"@id\":\"https:\/\/www.fondation-salomon.org\/#website\",\"url\":\"https:\/\/www.fondation-salomon.org\/\",\"name\":\"Salomon Foundation\",\"description\":\"\",\"publisher\":{\"@id\":\"https:\/\/www.fondation-salomon.org\/#organization\"},\"potentialAction\":[{\"@type\":\"SearchAction\",\"target\":{\"@type\":\"EntryPoint\",\"urlTemplate\":\"https:\/\/www.fondation-salomon.org\/?s={search_term_string}\"},\"query-input\":{\"@type\":\"PropertyValueSpecification\",\"valueRequired\":true,\"valueName\":\"search_term_string\"}}],\"inLanguage\":\"fr-FR\"},{\"@type\":\"Organization\",\"@id\":\"https:\/\/www.fondation-salomon.org\/#organization\",\"name\":\"fondation salomon\",\"url\":\"https:\/\/www.fondation-salomon.org\/\",\"logo\":{\"@type\":\"ImageObject\",\"inLanguage\":\"fr-FR\",\"@id\":\"https:\/\/www.fondation-salomon.org\/#\/schema\/logo\/image\/\",\"url\":\"https:\/\/www.fondation-salomon.org\/app\/uploads\/2026\/03\/SalomonFoundation_LOGO_Horizontal_Noir_SF-scaled.png\",\"contentUrl\":\"https:\/\/www.fondation-salomon.org\/app\/uploads\/2026\/03\/SalomonFoundation_LOGO_Horizontal_Noir_SF-scaled.png\",\"width\":2560,\"height\":569,\"caption\":\"fondation salomon\"},\"image\":{\"@id\":\"https:\/\/www.fondation-salomon.org\/#\/schema\/logo\/image\/\"},\"sameAs\":[\"https:\/\/www.facebook.com\/Salomon\/?locale=fr_FR\",\"https:\/\/www.instagram.com\/salomon_france\/\",\"https:\/\/www.youtube.com\/channel\/UCCH7Ny59oLRGfw3imhL0d7A\"]}]}<\/script>\n<!-- \/ Yoast SEO plugin. -->","yoast_head_json":{"title":"La montagne nous \u00e9l\u00e8ve. Nous tra\u00e7ons les chemins qui la rend accessible \u00e0 touS.tes - Salomon Foundation","robots":{"index":"index","follow":"follow","max-snippet":"max-snippet:-1","max-image-preview":"max-image-preview:large","max-video-preview":"max-video-preview:-1"},"canonical":"https:\/\/www.fondation-salomon.org\/fr\/","og_locale":"fr_FR","og_type":"article","og_title":"La montagne nous \u00e9l\u00e8ve. Nous tra\u00e7ons les chemins qui la rend accessible \u00e0 touS.tes - Salomon Foundation","og_description":"Notre histoire commence en montagne Nous agissons pour r\u00e9v\u00e9ler le potentiel de chacun\u00b7e gr\u00e2ce aux sports outdoor. Nous soutenons celles et ceux qui vivent pour les sommets, comme celles et ceux qui les d\u00e9couvrent pour la premi\u00e8re fois. D\u00e9couvrir la fondation Nous soutenir Les sports de montagne r\u00e9v\u00e8lent le meilleur en nous. Notre devoir est [&hellip;]","og_url":"https:\/\/www.fondation-salomon.org\/fr\/","og_site_name":"Salomon Foundation","article_publisher":"https:\/\/www.facebook.com\/Salomon\/?locale=fr_FR","article_modified_time":"2026-04-28T18:22:02+00:00","twitter_card":"summary_large_image","twitter_misc":{"Dur\u00e9e de lecture estim\u00e9e":"2 minutes"},"schema":{"@context":"https:\/\/schema.org","@graph":[{"@type":"WebPage","@id":"https:\/\/www.fondation-salomon.org\/fr\/","url":"https:\/\/www.fondation-salomon.org\/fr\/","name":"La montagne nous \u00e9l\u00e8ve. Nous tra\u00e7ons les chemins qui la rend accessible \u00e0 touS.tes - Salomon Foundation","isPartOf":{"@id":"https:\/\/www.fondation-salomon.org\/#website"},"primaryImageOfPage":{"@id":"https:\/\/www.fondation-salomon.org\/fr\/#primaryimage"},"image":{"@id":"https:\/\/www.fondation-salomon.org\/fr\/#primaryimage"},"thumbnailUrl":"https:\/\/www.fondation-salomon.org\/app\/uploads\/2026\/02\/image-3.png","datePublished":"2026-02-18T13:08:15+00:00","dateModified":"2026-04-28T18:22:02+00:00","breadcrumb":{"@id":"https:\/\/www.fondation-salomon.org\/fr\/#breadcrumb"},"inLanguage":"fr-FR","potentialAction":[{"@type":"ReadAction","target":["https:\/\/www.fondation-salomon.org\/fr\/"]}]},{"@type":"ImageObject","inLanguage":"fr-FR","@id":"https:\/\/www.fondation-salomon.org\/fr\/#primaryimage","url":"https:\/\/www.fondation-salomon.org\/app\/uploads\/2026\/02\/image-3.png","contentUrl":"https:\/\/www.fondation-salomon.org\/app\/uploads\/2026\/02\/image-3.png"},{"@type":"BreadcrumbList","@id":"https:\/\/www.fondation-salomon.org\/fr\/#breadcrumb","itemListElement":[{"@type":"ListItem","position":1,"name":"Home","item":"https:\/\/www.fondation-salomon.org\/fr\/"},{"@type":"ListItem","position":2,"name":"La montagne nous \u00e9l\u00e8ve. Nous tra\u00e7ons les chemins qui la rend accessible \u00e0 touS.tes"}]},{"@type":"WebSite","@id":"https:\/\/www.fondation-salomon.org\/#website","url":"https:\/\/www.fondation-salomon.org\/","name":"Salomon Foundation","description":"","publisher":{"@id":"https:\/\/www.fondation-salomon.org\/#organization"},"potentialAction":[{"@type":"SearchAction","target":{"@type":"EntryPoint","urlTemplate":"https:\/\/www.fondation-salomon.org\/?s={search_term_string}"},"query-input":{"@type":"PropertyValueSpecification","valueRequired":true,"valueName":"search_term_string"}}],"inLanguage":"fr-FR"},{"@type":"Organization","@id":"https:\/\/www.fondation-salomon.org\/#organization","name":"fondation salomon","url":"https:\/\/www.fondation-salomon.org\/","logo":{"@type":"ImageObject","inLanguage":"fr-FR","@id":"https:\/\/www.fondation-salomon.org\/#\/schema\/logo\/image\/","url":"https:\/\/www.fondation-salomon.org\/app\/uploads\/2026\/03\/SalomonFoundation_LOGO_Horizontal_Noir_SF-scaled.png","contentUrl":"https:\/\/www.fondation-salomon.org\/app\/uploads\/2026\/03\/SalomonFoundation_LOGO_Horizontal_Noir_SF-scaled.png","width":2560,"height":569,"caption":"fondation salomon"},"image":{"@id":"https:\/\/www.fondation-salomon.org\/#\/schema\/logo\/image\/"},"sameAs":["https:\/\/www.facebook.com\/Salomon\/?locale=fr_FR","https:\/\/www.instagram.com\/salomon_france\/","https:\/\/www.youtube.com\/channel\/UCCH7Ny59oLRGfw3imhL0d7A"]}]}},"_links":{"self":[{"href":"https:\/\/www.fondation-salomon.org\/fr\/wp-json\/wp\/v2\/pages\/274","targetHints":{"allow":["GET"]}}],"collection":[{"href":"https:\/\/www.fondation-salomon.org\/fr\/wp-json\/wp\/v2\/pages"}],"about":[{"href":"https:\/\/www.fondation-salomon.org\/fr\/wp-json\/wp\/v2\/types\/page"}],"author":[{"embeddable":true,"href":"https:\/\/www.fondation-salomon.org\/fr\/wp-json\/wp\/v2\/users\/1"}],"replies":[{"embeddable":true,"href":"https:\/\/www.fondation-salomon.org\/fr\/wp-json\/wp\/v2\/comments?post=274"}],"version-history":[{"count":29,"href":"https:\/\/www.fondation-salomon.org\/fr\/wp-json\/wp\/v2\/pages\/274\/revisions"}],"predecessor-version":[{"id":2401,"href":"https:\/\/www.fondation-salomon.org\/fr\/wp-json\/wp\/v2\/pages\/274\/revisions\/2401"}],"wp:attachment":[{"href":"https:\/\/www.fondation-salomon.org\/fr\/wp-json\/wp\/v2\/media?parent=274"}],"curies":[{"name":"wp","href":"https:\/\/api.w.org\/{rel}","templated":true}]}}