{"id":1087,"date":"2026-02-20T09:46:22","date_gmt":"2026-02-20T09:46:22","guid":{"rendered":"https:\/\/www.fondation-salomon.org\/terms-conditions\/"},"modified":"2026-04-28T09:19:14","modified_gmt":"2026-04-28T09:19:14","slug":"conditions-generales","status":"publish","type":"page","link":"https:\/\/www.fondation-salomon.org\/fr\/conditions-generales\/","title":{"rendered":"Conditions g\u00e9n\u00e9rales"},"content":{"rendered":"\n<p><strong>1. Editeur<\/strong><\/p>\n\n\n\n<p>L\u2019\u00e9diteur du site internet <a href=\"http:\/\/www.fondation-salomon.org\">www.fondation-salomon.org<\/a> est :<\/p>\n\n\n\n<p><strong>Fonds de dotation Salomon Foundation<\/strong><\/p>\n\n\n\n<p>R\u00e9gi par la loi n\u00b02008-776 du 4 ao\u00fbt 2008 et ses d\u00e9crets d\u2019application, d\u00e9clar\u00e9 \u00e0 la Pr\u00e9fecture de Haute-Savoie, publi\u00e9 au Journal Officiel du 13 f\u00e9vrier 2024, identifi\u00e9 au r\u00e9pertoire Sirene sous le num\u00e9ro 924&nbsp;737 570<\/p>\n\n\n\n<p>Dont le si\u00e8ge social est situ\u00e9 14 chemin des Croiselets, ZA des Croiselets, 74370 Epagny Metz Tessy, France.&nbsp;&nbsp;<\/p>\n\n\n\n<p>Num\u00e9ro de t\u00e9l\u00e9phone : +33 (0)4 50 65 41 41<\/p>\n\n\n\n<p>Adresse \u00e9lectronique : <a href=\"mailto:contact@fondation-salomon.org\">contact@fondation-salomon.org<\/a>&nbsp;<\/p>\n\n\n\n<p><strong>2. Directeur de publication<\/strong><\/p>\n\n\n\n<p>Le directeur de la publication du site <a href=\"http:\/\/www.fondation-salomon.org\">www.fondation-salomon.org<\/a> est Marie Accamnbray en qualit\u00e9 de directrice du fonds de dotation Salomon Foundation.<\/p>\n\n\n\n<p><strong>3. H\u00e9bergement :<\/strong><\/p>\n\n\n\n<p>Soci\u00e9t\u00e9 : SAS OVH<\/p>\n\n\n\n<p>Si\u00e8ge social : 2 rue Kellermann \u2013 59100 Roubaix, France<\/p>\n\n\n\n<p>Num\u00e9ro de t\u00e9l\u00e9phone : 08 203 203 63 \/ n\u00b0 indigo (0,118 \u20ac\/min)<\/p>\n\n\n\n<p>Adresse \u00e9lectronique : <a href=\"mailto:support@ovh.com\">support@ovh.com<\/a><\/p>\n\n\n\n<p>Site internet : <a href=\"https:\/\/urldefense.com\/v3\/__http:\/www.ovh.com\/fr__%3B!!ETWHofP4MC0!_bpRBVoRfJTjwxlbM8GFY8l98wEdft9dv5_Ut7Nss8WZG9MkvgQxvuqniVC6-qkMlp8WbUwWaqc46EL7R6BkkpGs0UPAKQ$\">www.ovh.com\/fr<\/a><\/p>\n\n\n\n<p><strong>4. Gestionnaire d&#8217;h\u00e9bergement<\/strong><\/p>\n\n\n\n<p>Soci\u00e9t\u00e9 : Agence Gardeners<\/p>\n\n\n\n<p>Si\u00e8ge social : ZAC de Valparc, 74330 Poisy, France<\/p>\n\n\n\n<p>Num\u00e9ro de t\u00e9l\u00e9phone : +33 (0)4 50 244 244<\/p>\n\n\n\n<p>Adresse \u00e9lectronique : <a href=\"mailto:info@agencegardeners.com\">info@agencegardeners.com<\/a><\/p>\n\n\n\n<p>Site internet : <a href=\"https:\/\/urldefense.com\/v3\/__http:\/www.agencegardeners.com\/__%3B!!ETWHofP4MC0!_bpRBVoRfJTjwxlbM8GFY8l98wEdft9dv5_Ut7Nss8WZG9MkvgQxvuqniVC6-qkMlp8WbUwWaqc46EL7R6BkkpHPnyoW6w$\">www.agencegardeners.com\/<\/a><\/p>\n","protected":false},"excerpt":{"rendered":"1. Editeur L\u2019\u00e9diteur du site internet www.fondation-salomon.org est : Fonds de dotation Salomon Foundation R\u00e9gi par la loi n\u00b02008-776 du 4 ao\u00fbt 2008 et ses d\u00e9crets d\u2019application, d\u00e9clar\u00e9 \u00e0 la Pr\u00e9fecture de Haute-Savoie, publi\u00e9 au Journal Officiel du 13 f\u00e9vrier 2024, identifi\u00e9 au r\u00e9pertoire Sirene sous le num\u00e9ro 924&nbsp;737 570 Dont le si\u00e8ge social est [&hellip;]","protected":false},"author":1,"featured_media":0,"parent":0,"menu_order":0,"comment_status":"closed","ping_status":"closed","template":"","meta":{"inline_featured_image":false,"footnotes":""},"class_list":["post-1087","page","type-page","status-publish","hentry"],"yoast_head":"<!-- This site is optimized with the Yoast SEO plugin v27.2 - https:\/\/yoast.com\/product\/yoast-seo-wordpress\/ -->\n<title>Conditions g\u00e9n\u00e9rales - fondation salomon<\/title>\n<meta name=\"robots\" content=\"index, follow, max-snippet:-1, max-image-preview:large, max-video-preview:-1\" \/>\n<link rel=\"canonical\" href=\"https:\/\/www.fondation-salomon.org\/fr\/conditions-generales\/\" \/>\n<meta property=\"og:locale\" content=\"fr_FR\" \/>\n<meta property=\"og:type\" content=\"article\" \/>\n<meta property=\"og:title\" content=\"Conditions g\u00e9n\u00e9rales - fondation salomon\" \/>\n<meta property=\"og:description\" content=\"1. Editeur L\u2019\u00e9diteur du site internet www.fondation-salomon.org est : Fonds de dotation Salomon Foundation R\u00e9gi par la loi n\u00b02008-776 du 4 ao\u00fbt 2008 et ses d\u00e9crets d\u2019application, d\u00e9clar\u00e9 \u00e0 la Pr\u00e9fecture de Haute-Savoie, publi\u00e9 au Journal Officiel du 13 f\u00e9vrier 2024, identifi\u00e9 au r\u00e9pertoire Sirene sous le num\u00e9ro 924&nbsp;737 570 Dont le si\u00e8ge social est [&hellip;]\" \/>\n<meta property=\"og:url\" content=\"https:\/\/www.fondation-salomon.org\/fr\/conditions-generales\/\" \/>\n<meta property=\"og:site_name\" content=\"fondation salomon\" \/>\n<meta property=\"article:publisher\" content=\"https:\/\/www.facebook.com\/Salomon\/?locale=fr_FR\" \/>\n<meta property=\"article:modified_time\" content=\"2026-04-28T09:19:14+00:00\" \/>\n<meta name=\"twitter:card\" content=\"summary_large_image\" \/>\n<meta name=\"twitter:label1\" content=\"Dur\u00e9e de lecture estim\u00e9e\" \/>\n\t<meta name=\"twitter:data1\" content=\"1 minute\" \/>\n<script type=\"application\/ld+json\" class=\"yoast-schema-graph\">{\"@context\":\"https:\/\/schema.org\",\"@graph\":[{\"@type\":\"WebPage\",\"@id\":\"https:\/\/www.fondation-salomon.org\/fr\/conditions-generales\/\",\"url\":\"https:\/\/www.fondation-salomon.org\/fr\/conditions-generales\/\",\"name\":\"Conditions g\u00e9n\u00e9rales - fondation salomon\",\"isPartOf\":{\"@id\":\"https:\/\/www.fondation-salomon.org\/#website\"},\"datePublished\":\"2026-02-20T09:46:22+00:00\",\"dateModified\":\"2026-04-28T09:19:14+00:00\",\"breadcrumb\":{\"@id\":\"https:\/\/www.fondation-salomon.org\/fr\/conditions-generales\/#breadcrumb\"},\"inLanguage\":\"fr-FR\",\"potentialAction\":[{\"@type\":\"ReadAction\",\"target\":[\"https:\/\/www.fondation-salomon.org\/fr\/conditions-generales\/\"]}]},{\"@type\":\"BreadcrumbList\",\"@id\":\"https:\/\/www.fondation-salomon.org\/fr\/conditions-generales\/#breadcrumb\",\"itemListElement\":[{\"@type\":\"ListItem\",\"position\":1,\"name\":\"Home\",\"item\":\"https:\/\/www.fondation-salomon.org\/fr\/\"},{\"@type\":\"ListItem\",\"position\":2,\"name\":\"Conditions g\u00e9n\u00e9rales\"}]},{\"@type\":\"WebSite\",\"@id\":\"https:\/\/www.fondation-salomon.org\/#website\",\"url\":\"https:\/\/www.fondation-salomon.org\/\",\"name\":\"fondation salomon\",\"description\":\"\",\"publisher\":{\"@id\":\"https:\/\/www.fondation-salomon.org\/#organization\"},\"potentialAction\":[{\"@type\":\"SearchAction\",\"target\":{\"@type\":\"EntryPoint\",\"urlTemplate\":\"https:\/\/www.fondation-salomon.org\/?s={search_term_string}\"},\"query-input\":{\"@type\":\"PropertyValueSpecification\",\"valueRequired\":true,\"valueName\":\"search_term_string\"}}],\"inLanguage\":\"fr-FR\"},{\"@type\":\"Organization\",\"@id\":\"https:\/\/www.fondation-salomon.org\/#organization\",\"name\":\"fondation salomon\",\"url\":\"https:\/\/www.fondation-salomon.org\/\",\"logo\":{\"@type\":\"ImageObject\",\"inLanguage\":\"fr-FR\",\"@id\":\"https:\/\/www.fondation-salomon.org\/#\/schema\/logo\/image\/\",\"url\":\"https:\/\/www.fondation-salomon.org\/app\/uploads\/2026\/03\/SalomonFoundation_LOGO_Horizontal_Noir_SF-scaled.png\",\"contentUrl\":\"https:\/\/www.fondation-salomon.org\/app\/uploads\/2026\/03\/SalomonFoundation_LOGO_Horizontal_Noir_SF-scaled.png\",\"width\":2560,\"height\":569,\"caption\":\"fondation salomon\"},\"image\":{\"@id\":\"https:\/\/www.fondation-salomon.org\/#\/schema\/logo\/image\/\"},\"sameAs\":[\"https:\/\/www.facebook.com\/Salomon\/?locale=fr_FR\",\"https:\/\/www.instagram.com\/salomon_france\/\",\"https:\/\/www.youtube.com\/channel\/UCCH7Ny59oLRGfw3imhL0d7A\"]}]}<\/script>\n<!-- \/ Yoast SEO plugin. -->","yoast_head_json":{"title":"Conditions g\u00e9n\u00e9rales - fondation salomon","robots":{"index":"index","follow":"follow","max-snippet":"max-snippet:-1","max-image-preview":"max-image-preview:large","max-video-preview":"max-video-preview:-1"},"canonical":"https:\/\/www.fondation-salomon.org\/fr\/conditions-generales\/","og_locale":"fr_FR","og_type":"article","og_title":"Conditions g\u00e9n\u00e9rales - fondation salomon","og_description":"1. Editeur L\u2019\u00e9diteur du site internet www.fondation-salomon.org est : Fonds de dotation Salomon Foundation R\u00e9gi par la loi n\u00b02008-776 du 4 ao\u00fbt 2008 et ses d\u00e9crets d\u2019application, d\u00e9clar\u00e9 \u00e0 la Pr\u00e9fecture de Haute-Savoie, publi\u00e9 au Journal Officiel du 13 f\u00e9vrier 2024, identifi\u00e9 au r\u00e9pertoire Sirene sous le num\u00e9ro 924&nbsp;737 570 Dont le si\u00e8ge social est [&hellip;]","og_url":"https:\/\/www.fondation-salomon.org\/fr\/conditions-generales\/","og_site_name":"fondation salomon","article_publisher":"https:\/\/www.facebook.com\/Salomon\/?locale=fr_FR","article_modified_time":"2026-04-28T09:19:14+00:00","twitter_card":"summary_large_image","twitter_misc":{"Dur\u00e9e de lecture estim\u00e9e":"1 minute"},"schema":{"@context":"https:\/\/schema.org","@graph":[{"@type":"WebPage","@id":"https:\/\/www.fondation-salomon.org\/fr\/conditions-generales\/","url":"https:\/\/www.fondation-salomon.org\/fr\/conditions-generales\/","name":"Conditions g\u00e9n\u00e9rales - fondation salomon","isPartOf":{"@id":"https:\/\/www.fondation-salomon.org\/#website"},"datePublished":"2026-02-20T09:46:22+00:00","dateModified":"2026-04-28T09:19:14+00:00","breadcrumb":{"@id":"https:\/\/www.fondation-salomon.org\/fr\/conditions-generales\/#breadcrumb"},"inLanguage":"fr-FR","potentialAction":[{"@type":"ReadAction","target":["https:\/\/www.fondation-salomon.org\/fr\/conditions-generales\/"]}]},{"@type":"BreadcrumbList","@id":"https:\/\/www.fondation-salomon.org\/fr\/conditions-generales\/#breadcrumb","itemListElement":[{"@type":"ListItem","position":1,"name":"Home","item":"https:\/\/www.fondation-salomon.org\/fr\/"},{"@type":"ListItem","position":2,"name":"Conditions g\u00e9n\u00e9rales"}]},{"@type":"WebSite","@id":"https:\/\/www.fondation-salomon.org\/#website","url":"https:\/\/www.fondation-salomon.org\/","name":"fondation salomon","description":"","publisher":{"@id":"https:\/\/www.fondation-salomon.org\/#organization"},"potentialAction":[{"@type":"SearchAction","target":{"@type":"EntryPoint","urlTemplate":"https:\/\/www.fondation-salomon.org\/?s={search_term_string}"},"query-input":{"@type":"PropertyValueSpecification","valueRequired":true,"valueName":"search_term_string"}}],"inLanguage":"fr-FR"},{"@type":"Organization","@id":"https:\/\/www.fondation-salomon.org\/#organization","name":"fondation salomon","url":"https:\/\/www.fondation-salomon.org\/","logo":{"@type":"ImageObject","inLanguage":"fr-FR","@id":"https:\/\/www.fondation-salomon.org\/#\/schema\/logo\/image\/","url":"https:\/\/www.fondation-salomon.org\/app\/uploads\/2026\/03\/SalomonFoundation_LOGO_Horizontal_Noir_SF-scaled.png","contentUrl":"https:\/\/www.fondation-salomon.org\/app\/uploads\/2026\/03\/SalomonFoundation_LOGO_Horizontal_Noir_SF-scaled.png","width":2560,"height":569,"caption":"fondation salomon"},"image":{"@id":"https:\/\/www.fondation-salomon.org\/#\/schema\/logo\/image\/"},"sameAs":["https:\/\/www.facebook.com\/Salomon\/?locale=fr_FR","https:\/\/www.instagram.com\/salomon_france\/","https:\/\/www.youtube.com\/channel\/UCCH7Ny59oLRGfw3imhL0d7A"]}]}},"_links":{"self":[{"href":"https:\/\/www.fondation-salomon.org\/fr\/wp-json\/wp\/v2\/pages\/1087","targetHints":{"allow":["GET"]}}],"collection":[{"href":"https:\/\/www.fondation-salomon.org\/fr\/wp-json\/wp\/v2\/pages"}],"about":[{"href":"https:\/\/www.fondation-salomon.org\/fr\/wp-json\/wp\/v2\/types\/page"}],"author":[{"embeddable":true,"href":"https:\/\/www.fondation-salomon.org\/fr\/wp-json\/wp\/v2\/users\/1"}],"replies":[{"embeddable":true,"href":"https:\/\/www.fondation-salomon.org\/fr\/wp-json\/wp\/v2\/comments?post=1087"}],"version-history":[{"count":2,"href":"https:\/\/www.fondation-salomon.org\/fr\/wp-json\/wp\/v2\/pages\/1087\/revisions"}],"predecessor-version":[{"id":2324,"href":"https:\/\/www.fondation-salomon.org\/fr\/wp-json\/wp\/v2\/pages\/1087\/revisions\/2324"}],"wp:attachment":[{"href":"https:\/\/www.fondation-salomon.org\/fr\/wp-json\/wp\/v2\/media?parent=1087"}],"curies":[{"name":"wp","href":"https:\/\/api.w.org\/{rel}","templated":true}]}}